{"id":173,"date":"2019-07-30T12:31:13","date_gmt":"2019-07-30T12:31:13","guid":{"rendered":"http:\/\/christianloewe.com\/?page_id=173"},"modified":"2021-04-15T06:21:52","modified_gmt":"2021-04-15T06:21:52","slug":"imprint","status":"publish","type":"page","link":"https:\/\/christianloewe.com\/index.php\/imprint\/","title":{"rendered":"Imprint"},"content":{"rendered":"\n<p>christianloewe.com<br> Internet: www.christianloewe.com <\/p>\n\n\n\n<p>Christian Loewe<br>Unterstra\u00dfe 11<br>65385 R\u00fcdesheim<\/p>\n\n\n\n<p>E-Mail: c-loewe [at] gmx.de<\/p>\n\n\n\n<p><\/p>\n\n\n\n<p>Inhaltlich Verantwortlicher gem\u00e4\u00df \u00a7 55 Abs. 2 RStV: Christian Loewe (Anschrift wie oben) <\/p>\n\n\n\n<p><\/p>\n\n\n\n<p><strong>Haftungshinweis:<\/strong> Trotz sorgf\u00e4ltiger inhaltlicher Kontrolle \u00fcbernehmen wir keine Haftung f\u00fcr die Inhalte externer Links. F\u00fcr den Inhalt der verlinkten Seiten sind ausschlie\u00dflich deren Betreiber verantwortlich.<\/p>\n\n\n\n<p><\/p>\n\n\n\n<p><strong>Copyright:<\/strong>&nbsp; Alle Bilder auf dieser Website sind per Copyright gesch\u00fctzt und d\u00fcrfen lediglich mit&nbsp;schriftlicher Genehmigung genutzt werden.<\/p>\n\n\n\n<p><\/p>\n\n\n\n<p><\/p>\n\n\n\n<h2 class=\"wp-block-heading\">Hinweis gem\u00e4\u00df Online-Streitbeilegungs-Verordnung<\/h2>\n\n\n\n<p><\/p>\n\n\n\n<p>Nach geltendem Recht sind wir verpflichtet, Verbraucher auf die Existenz der Europ\u00e4ischen Online-Streitbeilegungs-Plattform hinzuweisen, die f\u00fcr die Beilegung von Streitigkeiten genutzt werden kann, ohne dass ein Gericht eingeschaltet werden muss. F\u00fcr die Einrichtung der Plattform ist die Europ\u00e4ische Kommission zust\u00e4ndig. Die Europ\u00e4ische Online-Streitbeilegungs-Plattform ist hier zu finden: <a rel=\"noreferrer noopener\" href=\"http:\/\/ec.europa.eu\/odr\" target=\"_blank\">http:\/\/ec.europa.eu\/odr<\/a>. Unsere E-Mail lautet: <a href=\"mailto:info@loewemedia.de\">info@loewemedia.de<\/a><\/p>\n\n\n\n<p>Wir weisen aber darauf hin, dass wir nicht bereit sind, uns am Streitbeilegungsverfahren im Rahmen der Europ\u00e4ischen Online-Streitbeilegungs-Plattform zu beteiligen. Nutzen Sie zur Kontaktaufnahme bitte unsere obige E-Mail und Telefonnummer.<\/p>\n\n\n\n<p><\/p>\n\n\n\n<p><\/p>\n\n\n\n<p><\/p>\n\n\n\n<p><\/p>\n\n\n\n<p><\/p>\n\n\n\n<p><\/p>\n\n\n\n<p>Quelle: <a href=\"https:\/\/www.juraforum.de\/impressum-generator\/\">Impressum Vorlage von JuraForum.de<\/a><\/p>\n\n\n\n<p><\/p>\n","protected":false},"excerpt":{"rendered":"<p>christianloewe.com Internet: www.christianloewe.com Christian LoeweUnterstra\u00dfe 1165385 R\u00fcdesheim E-Mail: c-loewe [at] gmx.de Inhaltlich Verantwortlicher gem\u00e4\u00df \u00a7 55 Abs. 2 RStV: Christian Loewe (Anschrift wie oben) Haftungshinweis:&hellip; <\/p>\n","protected":false},"author":1,"featured_media":549,"parent":0,"menu_order":0,"comment_status":"closed","ping_status":"closed","template":"page-templates\/contact-template.php","meta":{"_exactmetrics_skip_tracking":false,"_exactmetrics_sitenote_active":false,"_exactmetrics_sitenote_note":"","_exactmetrics_sitenote_category":0,"footnotes":""},"class_list":["post-173","page","type-page","status-publish","has-post-thumbnail","hentry"],"aioseo_notices":[],"jetpack_sharing_enabled":true,"_links":{"self":[{"href":"https:\/\/christianloewe.com\/index.php\/wp-json\/wp\/v2\/pages\/173","targetHints":{"allow":["GET"]}}],"collection":[{"href":"https:\/\/christianloewe.com\/index.php\/wp-json\/wp\/v2\/pages"}],"about":[{"href":"https:\/\/christianloewe.com\/index.php\/wp-json\/wp\/v2\/types\/page"}],"author":[{"embeddable":true,"href":"https:\/\/christianloewe.com\/index.php\/wp-json\/wp\/v2\/users\/1"}],"replies":[{"embeddable":true,"href":"https:\/\/christianloewe.com\/index.php\/wp-json\/wp\/v2\/comments?post=173"}],"version-history":[{"count":10,"href":"https:\/\/christianloewe.com\/index.php\/wp-json\/wp\/v2\/pages\/173\/revisions"}],"predecessor-version":[{"id":569,"href":"https:\/\/christianloewe.com\/index.php\/wp-json\/wp\/v2\/pages\/173\/revisions\/569"}],"wp:featuredmedia":[{"embeddable":true,"href":"https:\/\/christianloewe.com\/index.php\/wp-json\/wp\/v2\/media\/549"}],"wp:attachment":[{"href":"https:\/\/christianloewe.com\/index.php\/wp-json\/wp\/v2\/media?parent=173"}],"curies":[{"name":"wp","href":"https:\/\/api.w.org\/{rel}","templated":true}]}}